{"id":9,"date":"2024-12-10T15:41:16","date_gmt":"2024-12-10T18:41:16","guid":{"rendered":"http:\/\/localhost\/wordpress\/?page_id=9"},"modified":"2024-12-12T17:13:55","modified_gmt":"2024-12-12T20:13:55","slug":"inicio","status":"publish","type":"page","link":"https:\/\/skti.com.br\/","title":{"rendered":"Inicio"},"content":{"rendered":"","protected":false},"excerpt":{"rendered":"","protected":false},"author":1,"featured_media":0,"parent":0,"menu_order":0,"comment_status":"closed","ping_status":"closed","template":"pagina-inicio.php","meta":{"footnotes":""},"class_list":["post-9","page","type-page","status-publish","hentry"],"yoast_head":"<!-- This site is optimized with the Yoast SEO plugin v26.4 - https:\/\/yoast.com\/wordpress\/plugins\/seo\/ -->\n<title>Inicio - SKTI Solu\u00e7\u00f5es em TI<\/title>\n<meta name=\"description\" content=\"A SKTI Solu\u00e7\u00f5es em TI atua no mercado desde 2005, oferecendo Solu\u00e7\u00f5es, Produtos e Servi\u00e7os baseados nas melhores pr\u00e1ticas ITIL para governan\u00e7a em TI.\" \/>\n<meta name=\"robots\" content=\"index, follow, max-snippet:-1, max-image-preview:large, max-video-preview:-1\" \/>\n<link rel=\"canonical\" href=\"https:\/\/skti.com.br\/\" \/>\n<meta property=\"og:locale\" content=\"pt_BR\" \/>\n<meta property=\"og:type\" content=\"article\" \/>\n<meta property=\"og:title\" content=\"Inicio - SKTI Solu\u00e7\u00f5es em TI\" \/>\n<meta property=\"og:description\" content=\"A SKTI Solu\u00e7\u00f5es em TI atua no mercado desde 2005, oferecendo Solu\u00e7\u00f5es, Produtos e Servi\u00e7os baseados nas melhores pr\u00e1ticas ITIL para governan\u00e7a em TI.\" \/>\n<meta property=\"og:url\" content=\"https:\/\/skti.com.br\/\" \/>\n<meta property=\"og:site_name\" content=\"SKTI Solu\u00e7\u00f5es em TI\" \/>\n<meta property=\"article:modified_time\" content=\"2024-12-12T20:13:55+00:00\" \/>\n<meta name=\"twitter:card\" content=\"summary_large_image\" \/>\n<script type=\"application\/ld+json\" class=\"yoast-schema-graph\">{\"@context\":\"https:\/\/schema.org\",\"@graph\":[{\"@type\":\"WebPage\",\"@id\":\"https:\/\/skti.com.br\/\",\"url\":\"https:\/\/skti.com.br\/\",\"name\":\"Inicio - SKTI Solu\u00e7\u00f5es em TI\",\"isPartOf\":{\"@id\":\"https:\/\/skti.com.br\/#website\"},\"datePublished\":\"2024-12-10T18:41:16+00:00\",\"dateModified\":\"2024-12-12T20:13:55+00:00\",\"description\":\"A SKTI Solu\u00e7\u00f5es em TI atua no mercado desde 2005, oferecendo Solu\u00e7\u00f5es, Produtos e Servi\u00e7os baseados nas melhores pr\u00e1ticas ITIL para governan\u00e7a em TI.\",\"breadcrumb\":{\"@id\":\"https:\/\/skti.com.br\/#breadcrumb\"},\"inLanguage\":\"pt-BR\",\"potentialAction\":[{\"@type\":\"ReadAction\",\"target\":[\"https:\/\/skti.com.br\/\"]}]},{\"@type\":\"BreadcrumbList\",\"@id\":\"https:\/\/skti.com.br\/#breadcrumb\",\"itemListElement\":[{\"@type\":\"ListItem\",\"position\":1,\"name\":\"In\u00edcio\",\"item\":\"https:\/\/skti.com.br\/\"},{\"@type\":\"ListItem\",\"position\":2,\"name\":\"Inicio\"}]},{\"@type\":\"WebSite\",\"@id\":\"https:\/\/skti.com.br\/#website\",\"url\":\"https:\/\/skti.com.br\/\",\"name\":\"SKTI Solu\u00e7\u00f5es em TI\",\"description\":\"\",\"potentialAction\":[{\"@type\":\"SearchAction\",\"target\":{\"@type\":\"EntryPoint\",\"urlTemplate\":\"https:\/\/skti.com.br\/?s={search_term_string}\"},\"query-input\":{\"@type\":\"PropertyValueSpecification\",\"valueRequired\":true,\"valueName\":\"search_term_string\"}}],\"inLanguage\":\"pt-BR\"}]}<\/script>\n<!-- \/ Yoast SEO plugin. -->","yoast_head_json":{"title":"Inicio - SKTI Solu\u00e7\u00f5es em TI","description":"A SKTI Solu\u00e7\u00f5es em TI atua no mercado desde 2005, oferecendo Solu\u00e7\u00f5es, Produtos e Servi\u00e7os baseados nas melhores pr\u00e1ticas ITIL para governan\u00e7a em TI.","robots":{"index":"index","follow":"follow","max-snippet":"max-snippet:-1","max-image-preview":"max-image-preview:large","max-video-preview":"max-video-preview:-1"},"canonical":"https:\/\/skti.com.br\/","og_locale":"pt_BR","og_type":"article","og_title":"Inicio - SKTI Solu\u00e7\u00f5es em TI","og_description":"A SKTI Solu\u00e7\u00f5es em TI atua no mercado desde 2005, oferecendo Solu\u00e7\u00f5es, Produtos e Servi\u00e7os baseados nas melhores pr\u00e1ticas ITIL para governan\u00e7a em TI.","og_url":"https:\/\/skti.com.br\/","og_site_name":"SKTI Solu\u00e7\u00f5es em TI","article_modified_time":"2024-12-12T20:13:55+00:00","twitter_card":"summary_large_image","schema":{"@context":"https:\/\/schema.org","@graph":[{"@type":"WebPage","@id":"https:\/\/skti.com.br\/","url":"https:\/\/skti.com.br\/","name":"Inicio - SKTI Solu\u00e7\u00f5es em TI","isPartOf":{"@id":"https:\/\/skti.com.br\/#website"},"datePublished":"2024-12-10T18:41:16+00:00","dateModified":"2024-12-12T20:13:55+00:00","description":"A SKTI Solu\u00e7\u00f5es em TI atua no mercado desde 2005, oferecendo Solu\u00e7\u00f5es, Produtos e Servi\u00e7os baseados nas melhores pr\u00e1ticas ITIL para governan\u00e7a em TI.","breadcrumb":{"@id":"https:\/\/skti.com.br\/#breadcrumb"},"inLanguage":"pt-BR","potentialAction":[{"@type":"ReadAction","target":["https:\/\/skti.com.br\/"]}]},{"@type":"BreadcrumbList","@id":"https:\/\/skti.com.br\/#breadcrumb","itemListElement":[{"@type":"ListItem","position":1,"name":"In\u00edcio","item":"https:\/\/skti.com.br\/"},{"@type":"ListItem","position":2,"name":"Inicio"}]},{"@type":"WebSite","@id":"https:\/\/skti.com.br\/#website","url":"https:\/\/skti.com.br\/","name":"SKTI Solu\u00e7\u00f5es em TI","description":"","potentialAction":[{"@type":"SearchAction","target":{"@type":"EntryPoint","urlTemplate":"https:\/\/skti.com.br\/?s={search_term_string}"},"query-input":{"@type":"PropertyValueSpecification","valueRequired":true,"valueName":"search_term_string"}}],"inLanguage":"pt-BR"}]}},"_links":{"self":[{"href":"https:\/\/skti.com.br\/index.php?rest_route=\/wp\/v2\/pages\/9","targetHints":{"allow":["GET"]}}],"collection":[{"href":"https:\/\/skti.com.br\/index.php?rest_route=\/wp\/v2\/pages"}],"about":[{"href":"https:\/\/skti.com.br\/index.php?rest_route=\/wp\/v2\/types\/page"}],"author":[{"embeddable":true,"href":"https:\/\/skti.com.br\/index.php?rest_route=\/wp\/v2\/users\/1"}],"replies":[{"embeddable":true,"href":"https:\/\/skti.com.br\/index.php?rest_route=%2Fwp%2Fv2%2Fcomments&post=9"}],"version-history":[{"count":1,"href":"https:\/\/skti.com.br\/index.php?rest_route=\/wp\/v2\/pages\/9\/revisions"}],"predecessor-version":[{"id":10,"href":"https:\/\/skti.com.br\/index.php?rest_route=\/wp\/v2\/pages\/9\/revisions\/10"}],"wp:attachment":[{"href":"https:\/\/skti.com.br\/index.php?rest_route=%2Fwp%2Fv2%2Fmedia&parent=9"}],"curies":[{"name":"wp","href":"https:\/\/api.w.org\/{rel}","templated":true}]}}